{"id":2797,"date":"2017-05-12T09:15:20","date_gmt":"2017-05-12T07:15:20","guid":{"rendered":"https:\/\/bigburger.ch\/zuerich-langstrasse\/?page_id=2797"},"modified":"2025-02-19T07:16:17","modified_gmt":"2025-02-19T06:16:17","slug":"reservieren","status":"publish","type":"page","link":"https:\/\/bigburger.ch\/zuerich-langstrasse\/","title":{"rendered":"Reservieren"},"content":{"rendered":"<h1>Reservieren im Big Burger Z\u00fcrich<\/h1>\n<div>\n        <script type=\"text\/javascript\">\n            var ajaxurl = 'https:\/\/bigburger.ch\/zuerich-langstrasse\/wp-admin\/admin-ajax.php';\n        <\/script>\n\n\t\t\n\t\t\n        <div class=\"rtb-booking-form uk-container uk-container-small\">\n\t\t\t\n\t\t\t\t\n\t\t\t\t\n\t\t\t\t\n                <form method=\"POST\" action=\"https:\/\/bigburger.ch\/zuerich-langstrasse\/\" class=\"rtb-booking-form-form uk-grid\" uk-grid>\n                    <input type=\"hidden\" name=\"action\" value=\"booking_request\">\n\n\t\t\t\t\t\n\t\t\t\t\t\n\t\t\t\t\t\n\t\t\t\t\t                        <div class=\"uk-width-1-2@m uk-first-column\">\n\n\t\t\t\t\t\t\t                                <div >\n                                    <h4>Tisch buchen<\/h4>\n                                <\/div>\n\t\t\t\t\t\t\t\n\t\t\t\t\t\t\t\n        <div class=\"rtb-text uk-margin date\">\n\t\t\t            <label for=\"rtb-date\">\n\t\t\t\tDatum            <\/label>\n            <input type=\"text\" class=\"uk-input\" name=\"rtb-date\" id=\"rtb-date\" value=\"\" required aria-required=\"true\">\n        <\/div>\n\n\t\t\n        <div class=\"rtb-text uk-margin time\">\n\t\t\t            <label for=\"rtb-time\">\n\t\t\t\tUhrzeit            <\/label>\n            <input type=\"text\" class=\"uk-input\" name=\"rtb-time\" id=\"rtb-time\" value=\"\" required aria-required=\"true\">\n        <\/div>\n\n\t\t\n        <div class=\"rtb-select party\">\n\t\t\t            <label for=\"rtb-party\">\n\t\t\t\tPersonen            <\/label>\n            <select class=\"uk-select\" name=\"rtb-party\" id=\"rtb-party\" required aria-required=\"true\"  data-selected=\"\">\n\t\t\t\t\t\t\t\t                    <option value=\"2\" >2<\/option>\n\t\t\t\t                    <option value=\"3\" >3<\/option>\n\t\t\t\t                    <option value=\"4\" >4<\/option>\n\t\t\t\t                    <option value=\"5\" >5<\/option>\n\t\t\t\t                    <option value=\"6\" >6<\/option>\n\t\t\t\t                    <option value=\"7\" >7<\/option>\n\t\t\t\t                    <option value=\"8\" >8<\/option>\n\t\t\t\t                    <option value=\"9\" >9<\/option>\n\t\t\t\t                    <option value=\"10\" >10<\/option>\n\t\t\t\t            <\/select>\n        <\/div>\n\n\t\t                        <\/div>\n\t\t\t\t\t                        <div class=\"uk-width-1-2@m\">\n\n\t\t\t\t\t\t\t                                <div >\n                                    <h4>Kontaktdaten<\/h4>\n                                <\/div>\n\t\t\t\t\t\t\t\n\t\t\t\t\t\t\t\n        <div class=\"rtb-text uk-margin name\">\n\t\t\t            <label for=\"rtb-name\">\n\t\t\t\tName            <\/label>\n            <input type=\"text\" class=\"uk-input\" name=\"rtb-name\" id=\"rtb-name\" value=\"\" required aria-required=\"true\">\n        <\/div>\n\n\t\t\n        <div class=\"rtb-text uk-margin email\">\n\t\t\t            <label for=\"rtb-email\">\n\t\t\t\tE-Mail            <\/label>\n            <input type=\"email\" class=\"uk-input\" name=\"rtb-email\" id=\"rtb-email\" value=\"\" required aria-required=\"true\">\n        <\/div>\n\n\t\t\n        <div class=\"rtb-text uk-margin phone\">\n\t\t\t            <label for=\"rtb-phone\">\n\t\t\t\tTelefonnummer            <\/label>\n            <input type=\"tel\" class=\"uk-input\" name=\"rtb-phone\" id=\"rtb-phone\" value=\"\">\n        <\/div>\n\n\t\t\n        <div class=\"add-message\">\n            <a href=\"#\">\n\t\t\t\tNachricht hinzuf\u00fcgen            <\/a>\n        <\/div>\n\n\t\t\n        <div class=\"rtb-textarea message\">\n\t\t\t            <label for=\"rtb-message\" class=\"uk-margin-small\">\n\t\t\t\tMeldung            <\/label>\n            <textarea class=\"uk-textarea\" name=\"rtb-message\" id=\"rtb-message\"><\/textarea>\n        <\/div>\n\n\t\t                        <\/div>\n\t\t\t\t\t\n\t\t\t\t\t\n                    <div class=\"rtb-form-footer uk-width-1-1\">\n                        <div id='rtb_recaptcha'><\/div>\n\t\t\t\t\t\t\n\t\t\t\t\t\t<div class=\"rtb-form-submit\"><div class=\"uk-width-1-1@m\"><button class=\"uk-button uk-button-primary uk-align-right\" type=\"submit\">Buchung anfragen<\/button><\/div><\/div>                        <\/fieldset>\n\n\n                <\/form>\n\n\t\t\t\t\n\t\t\t\t\n\t\t\t        <\/div>\n\n\t\t<\/div>\n<div><strong>Big Burger Take Away<br \/><\/strong>Langstrasse 211<strong><br \/><\/strong>8005 Z\u00fcrich<strong><br \/><\/strong><br \/>Tel: 043 321 30 69<\/div>\n<p><!--more--><br \/>\n<!-- {\"name\":\"\",\"type\":\"layout\",\"children\":[{\"name\":\"\",\"type\":\"section\",\"props\":{\"style\":\"default\",\"width\":\"default\",\"image_position\":\"center-center\",\"image\":\"\",\"vertical_align\":\"middle\",\"title_position\":\"top-left\",\"title_rotation\":\"left\",\"title_breakpoint\":\"xl\"},\"children\":[{\"name\":\"\",\"type\":\"row\",\"children\":[{\"name\":\"\",\"type\":\"column\",\"props\":{\"image_position\":\"center-center\",\"width_medium\":\"1-1\",\"media_overlay_gradient\":\"\"},\"children\":[{\"name\":\"\",\"type\":\"headline\",\"props\":{\"title_element\":\"h1\",\"content\":\"Reservieren im Big Burger Z\\u00fcrich\",\"title_decoration\":\"line\",\"text_align\":\"center\"}}]}]}]},{\"name\":\"\",\"type\":\"section\",\"props\":{\"style\":\"default\",\"width\":\"small\",\"image_position\":\"center-center\",\"vertical_align\":\"middle\",\"title_position\":\"top-left\",\"title_rotation\":\"left\",\"title_breakpoint\":\"xl\"},\"children\":[{\"name\":\"\",\"type\":\"row\",\"children\":[{\"name\":\"\",\"type\":\"column\",\"props\":{\"image_position\":\"center-center\",\"width_medium\":\"1-1\",\"media_overlay_gradient\":\"\"},\"children\":[{\"name\":\"\",\"type\":\"text\",\"props\":{\"column_breakpoint\":\"m\",\"margin\":\"default\",\"content\":\"[booking-form]\"}}]}]}]},{\"name\":\"\",\"type\":\"section\",\"props\":{\"style\":\"default\",\"width\":\"default\",\"image_position\":\"center-center\",\"vertical_align\":\"middle\",\"title_position\":\"top-left\",\"title_rotation\":\"left\",\"title_breakpoint\":\"xl\"},\"children\":[{\"name\":\"\",\"type\":\"row\",\"props\":{\"layout\":\"1-2,1-2\",\"width\":\"small\",\"column_gap\":\"small\",\"row_gap\":\"small\"},\"children\":[{\"name\":\"\",\"type\":\"column\",\"props\":{\"image_position\":\"center-center\",\"width_medium\":\"1-2\",\"media_overlay_gradient\":\"\"},\"children\":[{\"name\":\"\",\"type\":\"text\",\"props\":{\"column_breakpoint\":\"m\",\"margin\":\"default\",\"content\":\"<strong>Big Burger Take Away<br \\\/><\\\/strong>Langstrasse 211<strong><br \\\/><\\\/strong>8005 Z\\u00fcrich<strong><br \\\/><\\\/strong><br \\\/>Tel: 043 321 30 69\"}}]},{\"name\":\"\",\"type\":\"column\",\"props\":{\"image_position\":\"center-center\",\"width_medium\":\"1-2\",\"media_overlay_gradient\":\"\"}}]}]}],\"version\":\"2.5.8\",\"yooessentialsVersion\":\"1.5.8\"} --><\/p>\n","protected":false},"excerpt":{"rendered":"<p>Reservieren im Big Burger Z\u00fcrich Big Burger Take AwayLangstrasse 2118005 Z\u00fcrichTel: 043 321 30 69<\/p>\n","protected":false},"author":1,"featured_media":0,"parent":0,"menu_order":0,"comment_status":"closed","ping_status":"closed","template":"","meta":{"footnotes":""},"class_list":["post-2797","page","type-page","status-publish","hentry"],"yoast_head":"<!-- This site is optimized with the Yoast SEO plugin v26.4 - https:\/\/yoast.com\/wordpress\/plugins\/seo\/ -->\n<title>Reservieren - Big Burger Z\u00fcrich Langstrasse<\/title>\n<meta name=\"robots\" content=\"index, follow, max-snippet:-1, max-image-preview:large, max-video-preview:-1\" \/>\n<link rel=\"canonical\" href=\"https:\/\/bigburger.ch\/zuerich-langstrasse\/\" \/>\n<meta property=\"og:locale\" content=\"de_DE\" \/>\n<meta property=\"og:type\" content=\"article\" \/>\n<meta property=\"og:title\" content=\"Reservieren - Big Burger Z\u00fcrich Langstrasse\" \/>\n<meta property=\"og:description\" content=\"Reservieren im Big Burger Z\u00fcrich Big Burger Take AwayLangstrasse 2118005 Z\u00fcrichTel: 043 321 30 69\" \/>\n<meta property=\"og:url\" content=\"https:\/\/bigburger.ch\/zuerich-langstrasse\/\" \/>\n<meta property=\"og:site_name\" content=\"Big Burger Z\u00fcrich Langstrasse\" \/>\n<meta property=\"article:modified_time\" content=\"2025-02-19T06:16:17+00:00\" \/>\n<meta name=\"twitter:card\" content=\"summary_large_image\" \/>\n<script type=\"application\/ld+json\" class=\"yoast-schema-graph\">{\"@context\":\"https:\/\/schema.org\",\"@graph\":[{\"@type\":\"WebPage\",\"@id\":\"https:\/\/bigburger.ch\/zuerich-langstrasse\/\",\"url\":\"https:\/\/bigburger.ch\/zuerich-langstrasse\/\",\"name\":\"Reservieren - Big Burger Z\u00fcrich Langstrasse\",\"isPartOf\":{\"@id\":\"https:\/\/bigburger.ch\/zuerich-langstrasse\/#website\"},\"datePublished\":\"2017-05-12T07:15:20+00:00\",\"dateModified\":\"2025-02-19T06:16:17+00:00\",\"breadcrumb\":{\"@id\":\"https:\/\/bigburger.ch\/zuerich-langstrasse\/#breadcrumb\"},\"inLanguage\":\"de\",\"potentialAction\":[{\"@type\":\"ReadAction\",\"target\":[\"https:\/\/bigburger.ch\/zuerich-langstrasse\/\"]}]},{\"@type\":\"BreadcrumbList\",\"@id\":\"https:\/\/bigburger.ch\/zuerich-langstrasse\/#breadcrumb\",\"itemListElement\":[{\"@type\":\"ListItem\",\"position\":1,\"name\":\"Startseite\",\"item\":\"https:\/\/bigburger.ch\/zuerich-langstrasse\/\"},{\"@type\":\"ListItem\",\"position\":2,\"name\":\"Reservieren\"}]},{\"@type\":\"WebSite\",\"@id\":\"https:\/\/bigburger.ch\/zuerich-langstrasse\/#website\",\"url\":\"https:\/\/bigburger.ch\/zuerich-langstrasse\/\",\"name\":\"Big Burger Z\u00fcrich Langstrasse\",\"description\":\"Dein exklusiver Burger Kurier\",\"potentialAction\":[{\"@type\":\"SearchAction\",\"target\":{\"@type\":\"EntryPoint\",\"urlTemplate\":\"https:\/\/bigburger.ch\/zuerich-langstrasse\/?s={search_term_string}\"},\"query-input\":{\"@type\":\"PropertyValueSpecification\",\"valueRequired\":true,\"valueName\":\"search_term_string\"}}],\"inLanguage\":\"de\"}]}<\/script>\n<!-- \/ Yoast SEO plugin. -->","yoast_head_json":{"title":"Reservieren - Big Burger Z\u00fcrich Langstrasse","robots":{"index":"index","follow":"follow","max-snippet":"max-snippet:-1","max-image-preview":"max-image-preview:large","max-video-preview":"max-video-preview:-1"},"canonical":"https:\/\/bigburger.ch\/zuerich-langstrasse\/","og_locale":"de_DE","og_type":"article","og_title":"Reservieren - Big Burger Z\u00fcrich Langstrasse","og_description":"Reservieren im Big Burger Z\u00fcrich Big Burger Take AwayLangstrasse 2118005 Z\u00fcrichTel: 043 321 30 69","og_url":"https:\/\/bigburger.ch\/zuerich-langstrasse\/","og_site_name":"Big Burger Z\u00fcrich Langstrasse","article_modified_time":"2025-02-19T06:16:17+00:00","twitter_card":"summary_large_image","schema":{"@context":"https:\/\/schema.org","@graph":[{"@type":"WebPage","@id":"https:\/\/bigburger.ch\/zuerich-langstrasse\/","url":"https:\/\/bigburger.ch\/zuerich-langstrasse\/","name":"Reservieren - Big Burger Z\u00fcrich Langstrasse","isPartOf":{"@id":"https:\/\/bigburger.ch\/zuerich-langstrasse\/#website"},"datePublished":"2017-05-12T07:15:20+00:00","dateModified":"2025-02-19T06:16:17+00:00","breadcrumb":{"@id":"https:\/\/bigburger.ch\/zuerich-langstrasse\/#breadcrumb"},"inLanguage":"de","potentialAction":[{"@type":"ReadAction","target":["https:\/\/bigburger.ch\/zuerich-langstrasse\/"]}]},{"@type":"BreadcrumbList","@id":"https:\/\/bigburger.ch\/zuerich-langstrasse\/#breadcrumb","itemListElement":[{"@type":"ListItem","position":1,"name":"Startseite","item":"https:\/\/bigburger.ch\/zuerich-langstrasse\/"},{"@type":"ListItem","position":2,"name":"Reservieren"}]},{"@type":"WebSite","@id":"https:\/\/bigburger.ch\/zuerich-langstrasse\/#website","url":"https:\/\/bigburger.ch\/zuerich-langstrasse\/","name":"Big Burger Z\u00fcrich Langstrasse","description":"Dein exklusiver Burger Kurier","potentialAction":[{"@type":"SearchAction","target":{"@type":"EntryPoint","urlTemplate":"https:\/\/bigburger.ch\/zuerich-langstrasse\/?s={search_term_string}"},"query-input":{"@type":"PropertyValueSpecification","valueRequired":true,"valueName":"search_term_string"}}],"inLanguage":"de"}]}},"_links":{"self":[{"href":"https:\/\/bigburger.ch\/zuerich-langstrasse\/wp-json\/wp\/v2\/pages\/2797","targetHints":{"allow":["GET"]}}],"collection":[{"href":"https:\/\/bigburger.ch\/zuerich-langstrasse\/wp-json\/wp\/v2\/pages"}],"about":[{"href":"https:\/\/bigburger.ch\/zuerich-langstrasse\/wp-json\/wp\/v2\/types\/page"}],"author":[{"embeddable":true,"href":"https:\/\/bigburger.ch\/zuerich-langstrasse\/wp-json\/wp\/v2\/users\/1"}],"replies":[{"embeddable":true,"href":"https:\/\/bigburger.ch\/zuerich-langstrasse\/wp-json\/wp\/v2\/comments?post=2797"}],"version-history":[{"count":1,"href":"https:\/\/bigburger.ch\/zuerich-langstrasse\/wp-json\/wp\/v2\/pages\/2797\/revisions"}],"predecessor-version":[{"id":87367,"href":"https:\/\/bigburger.ch\/zuerich-langstrasse\/wp-json\/wp\/v2\/pages\/2797\/revisions\/87367"}],"wp:attachment":[{"href":"https:\/\/bigburger.ch\/zuerich-langstrasse\/wp-json\/wp\/v2\/media?parent=2797"}],"curies":[{"name":"wp","href":"https:\/\/api.w.org\/{rel}","templated":true}]}}